{"id":38207,"date":"2023-10-22T21:19:05","date_gmt":"2023-10-22T20:19:05","guid":{"rendered":"https:\/\/www.kkportoroz.si\/2023-21-10-galleria-fotografica-della-partita-lubiana-dvorana-na-jezici-jezica-portoroz-66-79\/"},"modified":"2025-11-09T14:54:45","modified_gmt":"2025-11-09T13:54:45","slug":"2023-21-10-galleria-fotografica-della-partita-lubiana-dvorana-na-jezici-jezica-portoroz-66-79","status":"publish","type":"page","link":"https:\/\/www.kkportoroz.si\/it\/2023-21-10-galleria-fotografica-della-partita-lubiana-dvorana-na-jezici-jezica-portoroz-66-79\/","title":{"rendered":"2023 &#8211; (21.10.) Galleria fotografica della <\u010cLANI 2. SKL> partita Lubiana, Dvorana na Je\u017eici : JE\u017dICA &#8211; PORTORO\u017d = 66 : 79"},"content":{"rendered":"<h2>GALLERIA FOTOGRAFICA DELLA PARTITA 2. SKL A LUBIANA, 21 OTTOBRE 2023 <\/h2>\n<h4>JE\u017dICA - portoro\u017e 66-79<\/h4>\n<p>FOTO: Aleksander GOLOB<\/p>\n<div style=\"margin: 20px 0;\"><div class=\"qrcswholewtapper\" style=\"text-align:left;\"><div class=\"qrcprowrapper\"  id=\"qrcwraa2leds\"><div class=\"qrc_canvass\" id=\"qrc_cuttenpages_2\" style=\"display:inline-block\" data-text=\"https:\/\/www.kkportoroz.si\/it\/2023-21-10-galleria-fotografica-della-partita-lubiana-dvorana-na-jezici-jezica-portoroz-66-79\/\"><\/div><div><a download=\"2023 &#8211; (21.10.) Galleria fotografica della <\u010cLANI 2. SKL> partita Lubiana, Dvorana na Je\u017eici : JE\u017dICA &#8211; PORTORO\u017d = 66 : 79.png\" class=\"qrcdownloads\" id=\"worign\">\r\n           <button type=\"button\" style=\"min-width:200px;background:#c8fd8c;color:#000;font-weight: 600;border: 1px solid #44d813;border-radius:20px;font-size:12px;padding: 6px 0;\" class=\"uqr_code_btn\">Download QR<\/button>\r\n           <\/a><\/div><\/div><\/div><\/div>","protected":false},"excerpt":{"rendered":"<p>GALLERIA FOTOGRAFICA DELLA PARTITA 2. SKL A LUBIANA, 21 OTTOBRE 2023 JE\u017dICA &#8211; portoro\u017e 66-79 FOTO: Aleksander GOLOB Download QR<\/p>\n","protected":false},"author":1,"featured_media":0,"parent":0,"menu_order":0,"comment_status":"closed","ping_status":"closed","template":"elementor_header_footer","meta":{"_eb_attr":"","_eb_data_table":"","_analytify_skip_tracking":false,"footnotes":""},"folder":[805],"class_list":["post-38207","page","type-page","status-publish","hentry"],"_links":{"self":[{"href":"https:\/\/www.kkportoroz.si\/it\/wp-json\/wp\/v2\/pages\/38207","targetHints":{"allow":["GET"]}}],"collection":[{"href":"https:\/\/www.kkportoroz.si\/it\/wp-json\/wp\/v2\/pages"}],"about":[{"href":"https:\/\/www.kkportoroz.si\/it\/wp-json\/wp\/v2\/types\/page"}],"author":[{"embeddable":true,"href":"https:\/\/www.kkportoroz.si\/it\/wp-json\/wp\/v2\/users\/1"}],"replies":[{"embeddable":true,"href":"https:\/\/www.kkportoroz.si\/it\/wp-json\/wp\/v2\/comments?post=38207"}],"version-history":[{"count":0,"href":"https:\/\/www.kkportoroz.si\/it\/wp-json\/wp\/v2\/pages\/38207\/revisions"}],"wp:attachment":[{"href":"https:\/\/www.kkportoroz.si\/it\/wp-json\/wp\/v2\/media?parent=38207"}],"wp:term":[{"taxonomy":"folder","embeddable":true,"href":"https:\/\/www.kkportoroz.si\/it\/wp-json\/wp\/v2\/folder?post=38207"}],"curies":[{"name":"wp","href":"https:\/\/api.w.org\/{rel}","templated":true}]}}