{"id":38079,"date":"2024-05-09T09:57:59","date_gmt":"2024-05-09T08:57:59","guid":{"rendered":"https:\/\/www.kkportoroz.si\/coppa-di-portorose-2024\/"},"modified":"2025-11-09T14:53:30","modified_gmt":"2025-11-09T13:53:30","slug":"coppa-di-portorose-2024","status":"publish","type":"page","link":"https:\/\/www.kkportoroz.si\/it\/coppa-di-portorose-2024\/","title":{"rendered":"COPPA di Portorose 2024"},"content":{"rendered":"\t\t<div data-elementor-type=\"wp-page\" data-elementor-id=\"38079\" class=\"elementor elementor-38079 elementor-35704\">\n\t\t\t\t<div class=\"elementor-element elementor-element-c969f73 e-flex e-con-boxed e-con e-parent\" data-id=\"c969f73\" data-element_type=\"container\" data-e-type=\"container\">\n\t\t\t\t\t<div class=\"e-con-inner\">\n\t\t\t\t<div class=\"elementor-element elementor-element-ee2917a elementor-widget-divider--view-line elementor-widget elementor-widget-divider\" data-id=\"ee2917a\" data-element_type=\"widget\" data-e-type=\"widget\" data-widget_type=\"divider.default\">\n\t\t\t\t<div class=\"elementor-widget-container\">\n\t\t\t\t\t\t\t<div class=\"elementor-divider\">\n\t\t\t<span class=\"elementor-divider-separator\">\n\t\t\t\t\t\t<\/span>\n\t\t<\/div>\n\t\t\t\t\t\t<\/div>\n\t\t\t\t<\/div>\n\t\t\t\t\t<\/div>\n\t\t\t\t<\/div>\n\t\t<div class=\"elementor-element elementor-element-fbea234 e-flex e-con-boxed e-con e-parent\" data-id=\"fbea234\" data-element_type=\"container\" data-e-type=\"container\">\n\t\t\t\t\t<div class=\"e-con-inner\">\n\t\t\t\t<div class=\"elementor-element elementor-element-14ec65b elementor-widget elementor-widget-heading\" data-id=\"14ec65b\" data-element_type=\"widget\" data-e-type=\"widget\" data-widget_type=\"heading.default\">\n\t\t\t\t<div class=\"elementor-widget-container\">\n\t\t\t\t\t<h1 class=\"elementor-heading-title elementor-size-default\">Coppa di Portorose 2024 - 10 e 12 maggio    <\/h1>\t\t\t\t<\/div>\n\t\t\t\t<\/div>\n\t\t\t\t\t<\/div>\n\t\t\t\t<\/div>\n\t\t<div class=\"elementor-element elementor-element-c026e04 e-con-full e-flex e-con e-parent\" data-id=\"c026e04\" data-element_type=\"container\" data-e-type=\"container\">\n\t\t\t\t<div class=\"elementor-element elementor-element-7829609 e-n-tabs-mobile elementor-widget elementor-widget-n-tabs\" data-id=\"7829609\" data-element_type=\"widget\" data-e-type=\"widget\" data-settings=\"{&quot;horizontal_scroll&quot;:&quot;disable&quot;}\" data-widget_type=\"nested-tabs.default\">\n\t\t\t\t<div class=\"elementor-widget-container\">\n\t\t\t\t\t\t\t<div class=\"e-n-tabs\" data-widget-number=\"125998601\" aria-label=\"Schede. Apri gli elementi con Invio o Spazio, chiudili con Esc e naviga con i tasti freccia.\">\n\t\t\t<div class=\"e-n-tabs-heading\" role=\"tablist\">\n\t\t\t\t\t<button id=\"e-n-tab-title-1259986011\" data-tab-title-id=\"e-n-tab-title-1259986011\" class=\"e-n-tab-title\" aria-selected=\"true\" data-tab-index=\"1\" role=\"tab\" tabindex=\"0\" aria-controls=\"e-n-tab-content-1259986011\" style=\"--n-tabs-title-order: 1;\">\n\t\t\t\t\t\t<span class=\"e-n-tab-title-text\">\n\t\t\t\tRAZPORED \/ PROGRAMMA\t\t\t<\/span>\n\t\t<\/button>\n\t\t\t\t<button id=\"e-n-tab-title-1259986012\" data-tab-title-id=\"e-n-tab-title-1259986012\" class=\"e-n-tab-title\" aria-selected=\"false\" data-tab-index=\"2\" role=\"tab\" tabindex=\"-1\" aria-controls=\"e-n-tab-content-1259986012\" style=\"--n-tabs-title-order: 2;\">\n\t\t\t\t\t\t<span class=\"e-n-tab-title-text\">\n\t\t\t\tSKUPINA A \/ GRUPPO A\t\t\t<\/span>\n\t\t<\/button>\n\t\t\t\t<button id=\"e-n-tab-title-1259986013\" data-tab-title-id=\"e-n-tab-title-1259986013\" class=\"e-n-tab-title\" aria-selected=\"false\" data-tab-index=\"3\" role=\"tab\" tabindex=\"-1\" aria-controls=\"e-n-tab-content-1259986013\" style=\"--n-tabs-title-order: 3;\">\n\t\t\t\t\t\t<span class=\"e-n-tab-title-text\">\n\t\t\t\tSKUPINA B \/ GRUPPO B\t\t\t<\/span>\n\t\t<\/button>\n\t\t\t\t<button id=\"e-n-tab-title-1259986014\" data-tab-title-id=\"e-n-tab-title-1259986014\" class=\"e-n-tab-title\" aria-selected=\"false\" data-tab-index=\"4\" role=\"tab\" tabindex=\"-1\" aria-controls=\"e-n-tab-content-1259986014\" style=\"--n-tabs-title-order: 4;\">\n\t\t\t\t\t\t<span class=\"e-n-tab-title-text\">\n\t\t\t\tPRAVILA \/ REGOLAMENTO\t\t\t<\/span>\n\t\t<\/button>\n\t\t\t\t\t<\/div>\n\t\t\t<div class=\"e-n-tabs-content\">\n\t\t\t\t<div id=\"e-n-tab-content-1259986011\" role=\"tabpanel\" aria-labelledby=\"e-n-tab-title-1259986011\" data-tab-index=\"1\" style=\"--n-tabs-title-order: 1;\" class=\"e-active elementor-element elementor-element-add5344 e-con-full e-flex e-con e-child\" data-id=\"add5344\" data-element_type=\"container\" data-e-type=\"container\">\n\t\t\t\t<div class=\"elementor-element elementor-element-5db51e1 elementor-widget elementor-widget-wp-widget-sportspress-event-list\" data-id=\"5db51e1\" data-element_type=\"widget\" data-e-type=\"widget\" data-widget_type=\"wp-widget-sportspress-event-list.default\">\n\t\t\t\t<div class=\"elementor-widget-container\">\n\t\t\t\t\t<div class=\"sp-widget-align-none\"><h5>RAZPORED &#8211; SCHEDULE<\/h5><div class=\"sp-template sp-template-event-list\">\n\t\t\t<h4 class=\"sp-table-caption\">U14 PORTORO\u017d CUP 2024<\/h4>\n\t\t<div class=\"sp-table-wrapper\">\n\t\t<table class=\"sp-event-list sp-event-list-format-homeaway sp-data-table\n\t\t\t\t\t\t\t\t\t\t\t\t\t\t\t\t\t\t\t\t sp-paginated-table\n\t\t\t\t\t\t\t\t\t\t\t\t\t\t\t\t\t\t \t\t\t sp-sortable-table\n\t\t\t\t\t\t\t\t\t\t\t\t\t\t\t\t\t\t  sp-responsive-table eventlist_6a075f73de6d7\t\t\t\t\t\t\t\t\t\t\t\t\t sp-scrollable-table \" data-sp-rows=\"25\">\n\t\t\t<thead>\n\t\t\t\t<tr>\n\t\t\t\t\t<th class=\"data-date\">Data<\/th><th class=\"data-home\">Casa<\/th><th class=\"data-time\">Orario\/Risultati<\/th><th class=\"data-away\">Lontano<\/th><th class=\"data-venue\">Igri\u0161\u010de-dvorana<\/th><th class=\"data-article\">Articolo<\/th><th class=\"data-day\">Match Day<\/th>\t\t\t\t<\/tr>\n\t\t\t<\/thead>\n\t\t\t<tbody>\n\t\t\t\t\t\t\t<\/tbody>\n\t\t<\/table>\n\t<\/div>\n\t<div class=\"sp-calendar-link sp-view-all-link\"><a href=\"https:\/\/www.kkportoroz.si\/calendar\/2024-portoroz-cup-group-a\/\">Poglej vse tekme<\/a><\/div><\/div>\n<\/div>\t\t\t\t<\/div>\n\t\t\t\t<\/div>\n\t\t\t\t<\/div>\n\t\t<div id=\"e-n-tab-content-1259986012\" role=\"tabpanel\" aria-labelledby=\"e-n-tab-title-1259986012\" data-tab-index=\"2\" style=\"--n-tabs-title-order: 2;\" class=\" elementor-element elementor-element-5517530 e-con-full e-flex e-con e-child\" data-id=\"5517530\" data-element_type=\"container\" data-e-type=\"container\">\n\t\t\t\t<div class=\"elementor-element elementor-element-7705301 elementor-widget elementor-widget-wp-widget-sportspress-league-table\" data-id=\"7705301\" data-element_type=\"widget\" data-e-type=\"widget\" data-widget_type=\"wp-widget-sportspress-league-table.default\">\n\t\t\t\t<div class=\"elementor-widget-container\">\n\t\t\t\t\t<div class=\"sp-widget-align-none\"><div class=\"sp-template sp-template-league-table\">\n\t<div class=\"sp-table-wrapper\"><table class=\"sp-league-table sp-league-table-35709 sp-data-table sp-sortable-table sp-responsive-table table_6a075f73e1d77 sp-scrollable-table sp-paginated-table\" data-sp-rows=\"22\"><thead><tr><th class=\"data-rank\">Pos<\/th><th class=\"data-name\">Squadra<\/th><th class=\"data-points\">Points<\/th><th class=\"data-gamesplayed\">T<\/th><th class=\"data-w\">W<\/th><th class=\"data-l\">L<\/th><th class=\"data-pct\">PCT<\/th><th class=\"data-gb\">GB<\/th><th class=\"data-strk\">STRK<\/th><th class=\"data-pf\">PF<\/th><th class=\"data-pa\">PA<\/th><th class=\"data-diff\">DIFF<\/th><\/tr><\/thead><tbody><\/tbody><\/table><\/div><div class=\"sp-league-table-link sp-view-all-link\"><a href=\"https:\/\/www.kkportoroz.si\/table\/2024-portoroz-cup-2024\/\">Guarda la classifica completa<\/a><\/div><\/div>\n<\/div>\t\t\t\t<\/div>\n\t\t\t\t<\/div>\n\t\t\t\t<\/div>\n\t\t<div id=\"e-n-tab-content-1259986013\" role=\"tabpanel\" aria-labelledby=\"e-n-tab-title-1259986013\" data-tab-index=\"3\" style=\"--n-tabs-title-order: 3;\" class=\" elementor-element elementor-element-f22eee1 e-con-full e-flex e-con e-child\" data-id=\"f22eee1\" data-element_type=\"container\" data-e-type=\"container\">\n\t\t\t\t<div class=\"elementor-element elementor-element-7303ba4 elementor-widget elementor-widget-wp-widget-sportspress-league-table\" data-id=\"7303ba4\" data-element_type=\"widget\" data-e-type=\"widget\" data-widget_type=\"wp-widget-sportspress-league-table.default\">\n\t\t\t\t<div class=\"elementor-widget-container\">\n\t\t\t\t\t<div class=\"sp-widget-align-none\"><div class=\"sp-template sp-template-league-table\">\n\t<div class=\"sp-table-wrapper\"><table class=\"sp-league-table sp-league-table-35712 sp-data-table sp-sortable-table sp-responsive-table table_6a075f73eb894 sp-scrollable-table sp-paginated-table\" data-sp-rows=\"22\"><thead><tr><th class=\"data-rank\">Pos<\/th><th class=\"data-name\">Squadra<\/th><th class=\"data-points\">Points<\/th><th class=\"data-gamesplayed\">T<\/th><th class=\"data-w\">W<\/th><th class=\"data-l\">L<\/th><th class=\"data-pct\">PCT<\/th><th class=\"data-gb\">GB<\/th><th class=\"data-strk\">STRK<\/th><th class=\"data-pf\">PF<\/th><th class=\"data-pa\">PA<\/th><th class=\"data-diff\">DIFF<\/th><\/tr><\/thead><tbody><\/tbody><\/table><\/div><div class=\"sp-league-table-link sp-view-all-link\"><a href=\"https:\/\/www.kkportoroz.si\/table\/2024-portoroz-cup-b\/\">Guarda la classifica completa<\/a><\/div><\/div>\n<\/div>\t\t\t\t<\/div>\n\t\t\t\t<\/div>\n\t\t\t\t<\/div>\n\t\t<div id=\"e-n-tab-content-1259986014\" role=\"tabpanel\" aria-labelledby=\"e-n-tab-title-1259986014\" data-tab-index=\"4\" style=\"--n-tabs-title-order: 4;\" class=\" elementor-element elementor-element-4c05898 e-flex e-con-boxed e-con e-child\" data-id=\"4c05898\" data-element_type=\"container\" data-e-type=\"container\">\n\t\t\t\t\t<div class=\"e-con-inner\">\n\t\t\t\t<div class=\"elementor-element elementor-element-5e191f7 elementor-widget elementor-widget-text-editor\" data-id=\"5e191f7\" data-element_type=\"widget\" data-e-type=\"widget\" data-widget_type=\"text-editor.default\">\n\t\t\t\t<div class=\"elementor-widget-container\">\n\t\t\t\t\t\t\t\t\t<p style=\"font-family: Lato, sans-serif; font-size: 16px; font-style: normal; font-weight: 400;\"><span style=\"font-weight: bold;\">PROPOSTE:<\/span><br>Si gioca secondo le regole valide per le gare della categoria U14 della KZS con le seguenti differenze.<br>Si gioca con palloni di taglia 7.<br>Si gioca 5 contro 5 giocatori in campo.<\/p>\n<p style=\"\"><u>Nel primo quarto, gli allenatori selezionano la met\u00e0 dei giocatori registrati che possono giocare nel primo quarto.<\/u><\/p>\n<p style=\"\"><u>L&#8217;altra met\u00e0 dei giocatori del roster gioca nel secondo quarto.<\/u><\/p>\n<p style=\"\"><u>Nel secondo tempo, tutti i giocatori registrati per la partita possono giocare.&nbsp;<\/u><\/p>\n<p style=\"\"><br><\/p>\n<p style=\"font-family: Lato, sans-serif; font-size: 16px; font-style: normal; font-weight: 400;\">Tempo di gioco 4 x 8 minuti di gioco peloso, gli ultimi due minuti l&#8217;orologio si ferma come in un gioco puro.<br>La pausa tra i quarti 1-2 e 3-4 dura 2 minuti, la met\u00e0 dura 5 minuti.<br>Il bonus \u00e8 di 7 errori personali.<br><span style=\"font-size: 16px; text-align: var(--text-align);\">Ogni squadra ha 1 minuto di pausa all&#8217;intervallo.&nbsp;<br>In caso di pareggio dopo il 4. Alla fine del quarto o del tempo supplementare vengono giocati 4 minuti supplementari.<br>Non vi \u00e8 alcun errore nel riportare la palla in zona di difesa.<br>Una squadra pu\u00f2 avere 14 giocatori iscritti.<br>\u00c8 vietato posizionare blocchi.<br>Tutti i giocatori hanno il diritto di giocare in tutti i quarti.<\/span><\/p>\n<p style=\"font-family: Lato, sans-serif; font-size: 16px; font-style: normal; font-weight: 400;\"><span style=\"font-size: 16px; text-align: var(--text-align);\">&nbsp;<\/span><\/p>\n<p style=\"font-family: Lato, sans-serif; font-size: 16px; font-style: normal; font-weight: 400;\"><span style=\"font-weight: bold;\">PROPOSTE:<\/span><\/p>\n<p style=\"font-family: Lato, sans-serif; font-size: 16px; font-style: normal; font-weight: 400;\">Si gioca secondo le regole valide per le gare della categoria U14 della KZS con le seguenti differenze.<\/p>\n<p style=\"font-family: Lato, sans-serif; font-size: 16px; font-style: normal; font-weight: 400;\">Si gioca con palloni di taglia 7.<\/p>\n<p style=\"font-family: Lato, sans-serif; font-size: 16px; font-style: normal; font-weight: 400;\">Si gioca 5 contro 5 giocatori in campo.<\/p><p style=\"\"><u>Nel primo quarto, gli allenatori selezionano la met\u00e0 dei giocatori registrati che hanno il diritto di giocare nel primo quarto.<\/u><\/p><p style=\"\"><u>L&#8217;altra met\u00e0 dei giocatori del roster appare nel secondo quarto.<\/u><\/p><p style=\"\"><u>Tutti i giocatori registrati per la partita possono giocare nel secondo tempo.<\/u><\/p><p style=\"\"><br><\/p>\n<p style=\"font-family: Lato, sans-serif; font-size: 16px; font-style: normal; font-weight: 400;\">Playing time 4 x 8 minutes of &#8220;rough&#8221; play, the last two minutes the clock is stopped as in &#8220;clean&#8221; play.<\/p>\n<p style=\"font-family: Lato, sans-serif; font-size: 16px; font-style: normal; font-weight: 400;\">The break between 1-2 and 3-4 quarter is 2 minutes long, half time is 5 minutes long.<\/p>\n<p style=\"font-family: Lato, sans-serif; font-size: 16px; font-style: normal; font-weight: 400;\">The bonus is 7 personal fouls.<\/p>\n<p style=\"font-family: Lato, sans-serif; font-size: 16px; font-style: normal; font-weight: 400;\">Each team has a 1-minute halftime break.<\/p>\n<p style=\"font-family: Lato, sans-serif; font-size: 16px; font-style: normal; font-weight: 400;\">In the event of a tie after the 4th quarter or the end of overtime, a 4-minute overtime is played.<\/p>\n<p style=\"font-family: Lato, sans-serif; font-size: 16px; font-style: normal; font-weight: 400;\">There is no error of returning the ball to the backcourt.<\/p>\n<p style=\"font-family: Lato, sans-serif; font-size: 16px; font-style: normal; font-weight: 400;\">A team can have 14 players registered.<\/p>\n<p style=\"font-family: Lato, sans-serif; font-size: 16px; font-style: normal; font-weight: 400;\">\u00c8 vietato posizionare blocchi\/schermi.<\/p>\t\t\t\t\t\t\t\t<\/div>\n\t\t\t\t<\/div>\n\t\t\t\t\t<\/div>\n\t\t\t\t<\/div>\n\t\t\t\t\t<\/div>\n\t\t<\/div>\n\t\t\t\t\t\t<\/div>\n\t\t\t\t<\/div>\n\t\t\t\t<div class=\"elementor-element elementor-element-4c19bc8 elementor-widget elementor-widget-wp-widget-sportspress-event-list\" data-id=\"4c19bc8\" data-element_type=\"widget\" data-e-type=\"widget\" data-widget_type=\"wp-widget-sportspress-event-list.default\">\n\t\t\t\t<div class=\"elementor-widget-container\">\n\t\t\t\t\t<div class=\"sp-widget-align-none\"><h5>SEMIFINALS AN FINALS<\/h5><div class=\"sp-template sp-template-event-list\">\n\t\t<div class=\"sp-table-wrapper\">\n\t\t<table class=\"sp-event-list sp-event-list-format-homeaway sp-data-table\n\t\t\t\t\t\t\t\t\t\t\t\t\t\t\t\t\t\t\t\t sp-paginated-table\n\t\t\t\t\t\t\t\t\t\t\t\t\t\t\t\t\t\t \t\t\t sp-sortable-table\n\t\t\t\t\t\t\t\t\t\t\t\t\t\t\t\t\t\t  sp-responsive-table eventlist_6a075f7406d8d\t\t\t\t\t\t\t\t\t\t\t\t\t sp-scrollable-table \" data-sp-rows=\"25\">\n\t\t\t<thead>\n\t\t\t\t<tr>\n\t\t\t\t\t<th class=\"data-date\">Data<\/th><th class=\"data-home\">Casa<\/th><th class=\"data-time\">Orario\/Risultati<\/th><th class=\"data-away\">Lontano<\/th><th class=\"data-venue\">Igri\u0161\u010de-dvorana<\/th><th class=\"data-article\">Articolo<\/th><th class=\"data-day\">Match Day<\/th>\t\t\t\t<\/tr>\n\t\t\t<\/thead>\n\t\t\t<tbody>\n\t\t\t\t\t\t\t<\/tbody>\n\t\t<\/table>\n\t<\/div>\n\t<div class=\"sp-calendar-link sp-view-all-link\"><a href=\"https:\/\/www.kkportoroz.si\/calendar\/2024-portoroz-cup-finals\/\">Poglej vse tekme<\/a><\/div><\/div>\n<\/div>\t\t\t\t<\/div>\n\t\t\t\t<\/div>\n\t\t\t\t<\/div>\n\t\t\t\t<\/div>\n\t\t<div style=\"margin: 20px 0;\"><div class=\"qrcswholewtapper\" style=\"text-align:left;\"><div class=\"qrcprowrapper\"  id=\"qrcwraa2leds\"><div class=\"qrc_canvass\" id=\"qrc_cuttenpages_2\" style=\"display:inline-block\" data-text=\"https:\/\/www.kkportoroz.si\/it\/coppa-di-portorose-2024\/\"><\/div><div><a download=\"COPPA di Portorose 2024.png\" class=\"qrcdownloads\" id=\"worign\">\r\n           <button type=\"button\" style=\"min-width:200px;background:#c8fd8c;color:#000;font-weight: 600;border: 1px solid #44d813;border-radius:20px;font-size:12px;padding: 6px 0;\" class=\"uqr_code_btn\">Download QR<\/button>\r\n           <\/a><\/div><\/div><\/div><\/div>","protected":false},"excerpt":{"rendered":"<p>Coppa di Portorose 2024 &#8211; 10 e 12 maggio RAZPORED \/ PROGRAMMA SKUPINA A \/ GRUPPO A SKUPINA B \/ GRUPPO B PRAVILA \/ REGOLAMENTO RAZPORED &#8211; SCHEDULE U14 PORTORO\u017d CUP 2024 Datum Domov \u010cas\/Rezultat Away Igri\u0161\u010de-dvorana \u010clanek Match Day 2024-05-10 17:45:4210\/05\/2024 \u0160ABAC 59 &#8211; 10 BEOGRAD B Monta\u017eni balon LUCIJA Rekapitulacija 1 2024-05-10 19:00:4510\/05\/2024 [&hellip;]<\/p>\n","protected":false},"author":1,"featured_media":0,"parent":0,"menu_order":0,"comment_status":"closed","ping_status":"closed","template":"elementor_header_footer","meta":{"_eb_attr":"","_eb_data_table":"","_analytify_skip_tracking":false,"footnotes":""},"folder":[870],"class_list":["post-38079","page","type-page","status-publish","hentry"],"_links":{"self":[{"href":"https:\/\/www.kkportoroz.si\/it\/wp-json\/wp\/v2\/pages\/38079","targetHints":{"allow":["GET"]}}],"collection":[{"href":"https:\/\/www.kkportoroz.si\/it\/wp-json\/wp\/v2\/pages"}],"about":[{"href":"https:\/\/www.kkportoroz.si\/it\/wp-json\/wp\/v2\/types\/page"}],"author":[{"embeddable":true,"href":"https:\/\/www.kkportoroz.si\/it\/wp-json\/wp\/v2\/users\/1"}],"replies":[{"embeddable":true,"href":"https:\/\/www.kkportoroz.si\/it\/wp-json\/wp\/v2\/comments?post=38079"}],"version-history":[{"count":0,"href":"https:\/\/www.kkportoroz.si\/it\/wp-json\/wp\/v2\/pages\/38079\/revisions"}],"wp:attachment":[{"href":"https:\/\/www.kkportoroz.si\/it\/wp-json\/wp\/v2\/media?parent=38079"}],"wp:term":[{"taxonomy":"folder","embeddable":true,"href":"https:\/\/www.kkportoroz.si\/it\/wp-json\/wp\/v2\/folder?post=38079"}],"curies":[{"name":"wp","href":"https:\/\/api.w.org\/{rel}","templated":true}]}}