{"id":37417,"date":"2018-05-21T16:35:06","date_gmt":"2018-05-21T15:35:06","guid":{"rendered":"https:\/\/www.kkportoroz.si\/announced\/"},"modified":"2025-11-09T13:05:00","modified_gmt":"2025-11-09T12:05:00","slug":"announced","status":"publish","type":"page","link":"https:\/\/www.kkportoroz.si\/en\/announced\/","title":{"rendered":"Announced"},"content":{"rendered":"<h1>You are logged in to the private pages of KK Portoro\u017e<\/h1>\n<p>.....<\/p>\n<h1>Documents KK Portoro\u017e<\/h1>\n<h2>GENERAL DOCUMENTS<\/h2>\n<ul>\n<li>\n<h2>Statute 2017<\/h2>\n<\/li>\n<\/ul>\n<ol>\n<li><a href=\"https:\/\/www.kkportoroz.si\/statut-kk-portoroz-2017\/\">STATUTE of KK Portoro\u017e from 2017<\/a><\/li>\n<li><a href=\"https:\/\/www.kkportoroz.si\/sezona-2023-24-dokumenti-tekem\/\">MATCH DOCUMENTS - Season 2023\/24<\/a><\/li>\n<\/ol>\n\n<p><\/p>\n<div style=\"margin: 20px 0;\"><div class=\"qrcswholewtapper\" style=\"text-align:left;\"><div class=\"qrcprowrapper\"  id=\"qrcwraa2leds\"><div class=\"qrc_canvass\" id=\"qrc_cuttenpages_2\" style=\"display:inline-block\" data-text=\"https:\/\/www.kkportoroz.si\/en\/announced\/\"><\/div><div><a download=\"Announced.png\" class=\"qrcdownloads\" id=\"worign\">\r\n           <button type=\"button\" style=\"min-width:200px;background:#c8fd8c;color:#000;font-weight: 600;border: 1px solid #44d813;border-radius:20px;font-size:12px;padding: 6px 0;\" class=\"uqr_code_btn\">Download QR<\/button>\r\n           <\/a><\/div><\/div><\/div><\/div>","protected":false},"excerpt":{"rendered":"<p>You are logged in to the private pages of KK Portoro\u017e &#8230;.. Documents KK Portoro\u017e GENERAL DOCUMENTS Statute 2017 STATUTE of KK Portoro\u017e from 2017 MATCH DOCUMENTS &#8211; Season 2023\/24 Download QR<\/p>\n","protected":false},"author":1,"featured_media":0,"parent":0,"menu_order":197,"comment_status":"closed","ping_status":"closed","template":"elementor_header_footer","meta":{"_eb_attr":"","_eb_data_table":"","_analytify_skip_tracking":false,"footnotes":""},"folder":[],"class_list":["post-37417","page","type-page","status-publish","hentry"],"_links":{"self":[{"href":"https:\/\/www.kkportoroz.si\/en\/wp-json\/wp\/v2\/pages\/37417","targetHints":{"allow":["GET"]}}],"collection":[{"href":"https:\/\/www.kkportoroz.si\/en\/wp-json\/wp\/v2\/pages"}],"about":[{"href":"https:\/\/www.kkportoroz.si\/en\/wp-json\/wp\/v2\/types\/page"}],"author":[{"embeddable":true,"href":"https:\/\/www.kkportoroz.si\/en\/wp-json\/wp\/v2\/users\/1"}],"replies":[{"embeddable":true,"href":"https:\/\/www.kkportoroz.si\/en\/wp-json\/wp\/v2\/comments?post=37417"}],"version-history":[{"count":0,"href":"https:\/\/www.kkportoroz.si\/en\/wp-json\/wp\/v2\/pages\/37417\/revisions"}],"wp:attachment":[{"href":"https:\/\/www.kkportoroz.si\/en\/wp-json\/wp\/v2\/media?parent=37417"}],"wp:term":[{"taxonomy":"folder","embeddable":true,"href":"https:\/\/www.kkportoroz.si\/en\/wp-json\/wp\/v2\/folder?post=37417"}],"curies":[{"name":"wp","href":"https:\/\/api.w.org\/{rel}","templated":true}]}}